{"id":235,"date":"2023-02-21T19:56:08","date_gmt":"2023-02-21T18:56:08","guid":{"rendered":"https:\/\/www.cybermop.info\/?page_id=235"},"modified":"2023-03-29T20:16:32","modified_gmt":"2023-03-29T18:16:32","slug":"phishing","status":"publish","type":"page","link":"https:\/\/www.cybermop.info\/index.php\/phishing\/","title":{"rendered":"Phishing"},"content":{"rendered":"<p>[et_pb_section fb_built=&#8221;1&#8243; admin_label=&#8221;Hero Section&#8221; _builder_version=&#8221;4.19.4&#8243; background_color=&#8221;RGBA(255,255,255,0)&#8221; use_background_color_gradient=&#8221;on&#8221; background_color_gradient_stops=&#8221;#000000 64%|#e8e8e8 100%&#8221; background_enable_image=&#8221;off&#8221; background_position=&#8221;bottom_center&#8221; custom_padding=&#8221;1px|0px|100px|0px||&#8221; global_colors_info=&#8221;{}&#8221;][et_pb_row column_structure=&#8221;1_2,1_2&#8243; admin_label=&#8221;Accepts Payment everywhere&#8221; _builder_version=&#8221;4.16&#8243; background_size=&#8221;initial&#8221; background_position=&#8221;top_left&#8221; background_repeat=&#8221;repeat&#8221; custom_padding=&#8221;1px|||||&#8221; global_colors_info=&#8221;{}&#8221;][et_pb_column type=&#8221;1_2&#8243; _builder_version=&#8221;4.16&#8243; custom_padding=&#8221;|||&#8221; global_colors_info=&#8221;{}&#8221; custom_padding__hover=&#8221;|||&#8221;][et_pb_image src=&#8221;https:\/\/www.cybermop.info\/wp-content\/uploads\/2023\/02\/Cybermop_ThemaPhishing_Headline.png&#8221; title_text=&#8221;Cybermop_ThemaPhishing_Headline&#8221; _builder_version=&#8221;4.19.4&#8243; _module_preset=&#8221;default&#8221; custom_padding=&#8221;83px||52px|||&#8221; global_colors_info=&#8221;{}&#8221;][\/et_pb_image][\/et_pb_column][et_pb_column type=&#8221;1_2&#8243; _builder_version=&#8221;4.16&#8243; background_blend=&#8221;overlay&#8221; custom_padding=&#8221;|||&#8221; global_colors_info=&#8221;{}&#8221; custom_padding__hover=&#8221;|||&#8221;][et_pb_gallery gallery_ids=&#8221;239&#8243; fullwidth=&#8221;on&#8221; _builder_version=&#8221;4.19.4&#8243; _module_preset=&#8221;default&#8221; title_text_color=&#8221;#FFFFFF&#8221; pagination_text_color=&#8221;#FFFFFF&#8221; auto=&#8221;on&#8221; global_colors_info=&#8221;{}&#8221;][\/et_pb_gallery][\/et_pb_column][\/et_pb_row][\/et_pb_section][et_pb_section fb_built=&#8221;1&#8243; admin_label=&#8221;Our Services&#8221; _builder_version=&#8221;4.19.4&#8243; background_color=&#8221;#212529&#8243; background_image=&#8221;https:\/\/www.cybermop.info\/wp-content\/uploads\/2023\/01\/Cybermop_Hintergrund_Kachel_4-1.jpg&#8221; parallax=&#8221;on&#8221; background_pattern_repeat=&#8221;repeat-x&#8221; custom_padding=&#8221;0px|0px|2px|0px||&#8221; global_colors_info=&#8221;{}&#8221;][et_pb_row column_structure=&#8221;1_2,1_2&#8243; _builder_version=&#8221;4.19.4&#8243; _module_preset=&#8221;default&#8221; background_color=&#8221;#ffffff&#8221; custom_margin=&#8221;||||false|false&#8221; custom_padding=&#8221;20px|20px|20px|20px|false|false&#8221; border_radii=&#8221;on|20px|20px|20px|20px&#8221; box_shadow_style=&#8221;preset1&#8243; global_colors_info=&#8221;{}&#8221;][et_pb_column type=&#8221;1_2&#8243; _builder_version=&#8221;4.19.4&#8243; _module_preset=&#8221;default&#8221; global_colors_info=&#8221;{}&#8221;][et_pb_text _builder_version=&#8221;4.19.4&#8243; _module_preset=&#8221;default&#8221; text_font=&#8221;||||||||&#8221; global_colors_info=&#8221;{}&#8221;]<\/p>\n<h4><strong>Wenn Cyberkriminelle per E-Mail auf Angeltour gehen &#8230;<\/strong><\/h4>\n<p><span>Phishing-Mails werden immer raffinierter und lassen sich nicht mehr auf den ersten Blick als solche erkennen. Sie z\u00e4hlen jedoch nach wie vor zu den beliebtesten Angriffswerkzeugen und k\u00f6nnen f\u00fcr euch zu einer ernsthaften Gefahr werden!<\/span><\/p>\n<p><span class=\"docData;DOCY;v5;1656;BQiAAgAAEYQCAAAGiAIAAAPoBQAABfYFAAAAAAAAAAAAAAAAAAAAAAAAAAAAAAAAAAAAAAAAAAAAAAAAAAAAAAAAAAAAAAAAAAAAAAAAAAAAAAAAAAAAAAAAAAAAAAAAAAAAAAAAAAAAAAAAAAAAAAAAAAAAAAAAAAAAAAAAAAAAAAAAAAAAAAAAAAAAAAAAAAAAAAAAAAAAAAAAAAAAAAAAAAAAAAAAAAAAAAAAAAAAAAAAAAAAAAAAAAAAAAAAAAAAAAAAAAAAAAAAAAAAAAAAAAAAAAAAAAAAAAAAAAAAAAAAAAAAAAAAAAAAAAAAAAAAAAAAAAAAAAAAAAAAAAAAAAAAAAAAAAAAAAAAAAAAAAAAAAAAAAAAAAAAAAAAAAAAAAAAAAAAAAAAAAAAAAAAAAAAAAAAAAAAAAAAAAAAAAAAAAAAAAAAAAAAAAAAAAAAAAAAAAAAAAAAAAAAAAAAAAAAAAAAAAAAAAAAAAAAAAAAAAAAAAAAAAAAAAAAAAAAAAAAAAAAAAAAAAAAAAAAAAAAAAAAAAAAAAAAAAAAAAAAAAAAAAAAAAAAAAAAAAAAAAAAAAAAAAAAAAAAAAAAAAAAAAAAAAAAAAAAAAAAAAAAAAAAAAAAAAAAAAAAAAAAAAAAAAAAAAAAAAAAAAAAAAAAAAAAAAAAAAAAAAAAAAAAAAAAAAAAAAAAAAAAAAAAAAAAAAAAAAAAAAAAAAAAAAAAAAAAAAAAAAAAAAAAAAAAAAAAAAAAAAAAAAAAAAAAAAAAAAAAAAAAAAAAAAAAAAAAAAAAAAAAAAAAAAAAAAAAAAAAAAAAAAAAAAAAAAAAAAAAAAAAAAAAAAAAAAAAAAAAAAAAXAMAAABXAwAAAVQAAAABBgwAAAAkBAAAAAAmBAAAAAAJBgAAAAAaBjAAAAAEBgoAAABBAHIAaQBhAGwABQYKAAAAQQByAGkAYQBsAAcGCgAAAEEAcgBpAGEAbAAbBgAAAAAC+QIAAAWDAAAAATAAAAAEBgoAAABBAHIAaQBhAGwABQYKAAAAQQByAGkAYQBsAAcGCgAAAEEAcgBpAGEAbAAISQAAAABEAAAARABhAHMAIABaAGkAZQBsACAAdgBvAG4AIABQAGgAaQBzAGgAaQBuAGcAIABpAHMAdAAgAGUAcwAsACAAZQB1AGMAaAAFPwIAAAEwAAAABAYKAAAAQQByAGkAYQBsAAUGCgAAAEEAcgBpAGEAbAAHBgoAAABBAHIAaQBhAGwACAUCAAAAAAIAACAAZABhAHoAdQAgAHoAdQAgAGIAcgBpAG4AZwBlAG4ALAAgAHYAZQByAHQAcgBhAHUAbABpAGMAaABlACAASQBuAGYAbwByAG0AYQB0AGkAbwBuAGUAbgAgAHcAaQBlACAAUABhAHMAcwB3APYAcgB0AGUAcgAsACAASwBvAG4AdABvAGQAYQB0AGUAbgAgAG8AZABlAHIAIABTAG8AegBpAGEAbAB2AGUAcgBzAGkAYwBoAGUAcgB1AG4AZwBzAG4AdQBtAG0AZQByAG4AIABwAHIAZQBpAHMAegB1AGcAZQBiAGUAbgAsACAAaQBuAGQAZQBtACAAaQBoAHIAIABkAGEAegB1ACAAdgBlAHIAbABlAGkAdABlAHQAIAB3AGUAcgBkAGUAdAAsACAAYQB1AGYAIABlAGkAbgBlAG4AIABnAGUAZgDkAGwAcwBjAGgAdABlAG4AIABMAGkAbgBrACAAegB1ACAAawBsAGkAYwBrAGUAbgAgAG8AZABlAHIAIABwAGUAcgBzAPYAbgBsAGkAYwBoAGUAIABEAGEAdABlAG4AIABhAHUAZgAgAGUAaQBuAGUAcgAgAGIAZQB0AHIA\/ABnAGUAcgBpAHMAYwBoAGUAbgAgAFcAZQBiAHMAaQB0AGUAIABlAGkAbgB6AHUAZwBlAGIAZQBuAC4ABQoAAAABAAAAAAgAAAAABQoAAAABAAAAAAgAAAAABQoAAAAIBQAAAA0AAAAACgAAAAAAAAAAEQAAAAB+AAAAACQAAAABBhIAAAAkBBwBAAAlBAAAAAAmBOT+\/\/8JBgAAAAAbBgAAAAABSwAAACgBBykBByoBBysBBRMBAQgEFgAAABYEFgAAABkGCgAAAGQAZQAtAEEAVAAaBgoAAABhAHIALQBTAEEAGwYKAAAAZQBuAC0AVQBTAAIAAAAA\">Das Ziel von Phishing ist es, euch<\/span><span> dazu zu bringen, vertrauliche Informationen wie Passw\u00f6rter, Kontodaten oder Sozialversicherungsnummern preiszugeben, indem ihr dazu verleitet werdet, auf einen gef\u00e4lschten Link zu klicken oder pers\u00f6nliche Daten auf einer betr\u00fcgerischen Website einzugeben.<\/span><\/p>\n<p><span><\/span><\/p>\n<p><span><span class=\"docData;DOCY;v5;1917;BQiAAgAAEYQCAAAGiAIAAAPtBgAABfsGAAAAAAAAAAAAAAAAAAAAAAAAAAAAAAAAAAAAAAAAAAAAAAAAAAAAAAAAAAAAAAAAAAAAAAAAAAAAAAAAAAAAAAAAAAAAAAAAAAAAAAAAAAAAAAAAAAAAAAAAAAAAAAAAAAAAAAAAAAAAAAAAAAAAAAAAAAAAAAAAAAAAAAAAAAAAAAAAAAAAAAAAAAAAAAAAAAAAAAAAAAAAAAAAAAAAAAAAAAAAAAAAAAAAAAAAAAAAAAAAAAAAAAAAAAAAAAAAAAAAAAAAAAAAAAAAAAAAAAAAAAAAAAAAAAAAAAAAAAAAAAAAAAAAAAAAAAAAAAAAAAAAAAAAAAAAAAAAAAAAAAAAAAAAAAAAAAAAAAAAAAAAAAAAAAAAAAAAAAAAAAAAAAAAAAAAAAAAAAAAAAAAAAAAAAAAAAAAAAAAAAAAAAAAAAAAAAAAAAAAAAAAAAAAAAAAAAAAAAAAAAAAAAAAAAAAAAAAAAAAAAAAAAAAAAAAAAAAAAAAAAAAAAAAAAAAAAAAAAAAAAAAAAAAAAAAAAAAAAAAAAAAAAAAAAAAAAAAAAAAAAAAAAAAAAAAAAAAAAAAAAAAAAAAAAAAAAAAAAAAAAAAAAAAAAAAAAAAAAAAAAAAAAAAAAAAAAAAAAAAAAAAAAAAAAAAAAAAAAAAAAAAAAAAAAAAAAAAAAAAAAAAAAAAAAAAAAAAAAAAAAAAAAAAAAAAAAAAAAAAAAAAAAAAAAAAAAAAAAAAAAAAAAAAAAAAAAAAAAAAAAAAAAAAAAAAAAAAAAAAAAAAAAAAAAAAAAAAAAAAAAAAAAAAAAAAAAAAAAAAAAAAAAAAAAAAYQQAAABcBAAAAVQAAAABBgwAAAAkBAAAAAAmBAAAAAAJBgAAAAAaBjAAAAAEBgoAAABBAHIAaQBhAGwABQYKAAAAQQByAGkAYQBsAAcGCgAAAEEAcgBpAGEAbAAbBgAAAAAC\/gMAAAXrAAAAATAAAAAEBgoAAABBAHIAaQBhAGwABQYKAAAAQQByAGkAYQBsAAcGCgAAAEEAcgBpAGEAbAAIsQAAAACsAAAARABpAGUAIABQAGgAaQBzAGgAaQBuAGcALQBBAHQAdABhAGMAawBlAG4AIABzAGkAbgBkACAAbwBmAHQAIABzAGUAaAByACAAZwB1AHQAIABnAGUAbQBhAGMAaAB0ACAAdQBuAGQAIABrAPYAbgBuAGUAbgAgAHQA5AB1AHMAYwBoAGUAbgBkACAAZQBjAGgAdAAgAGEAdQBzAHMAZQBoAGUAbgAsACAAdwBvAAU\/AgAAATAAAAAEBgoAAABBAHIAaQBhAGwABQYKAAAAQQByAGkAYQBsAAcGCgAAAEEAcgBpAGEAbAAIBQIAAAAAAgAAZAB1AHIAYwBoACAAbQBhAG4AIABsAGUAaQBjAGgAdAAgAGcAZQB0AOQAdQBzAGMAaAB0ACAAdwBlAHIAZABlAG4AIABrAGEAbgBuAC4AIABDAHkAYgBlAHIAawByAGkAbQBpAG4AZQBsAGwAZQAgAHYAZQByAHcAZQBuAGQAZQBuACAAZABhAHoAdQAgAHYAZQByAHQAcgBhAHUAZQBuAHMAdwD8AHIAZABpAGcAZQAgAEwAbwBnAG8AcwAsACAATQBhAHIAawBlAG4AIAB1AG4AZAAgAE4AYQBtAGUAbgAgAHYAbwBuACAAVQBuAHQAZQByAG4AZQBoAG0AZQBuACwAIABCAGEAbgBrAGUAbgAgAG8AZABlAHIAIABCAGUAaAD2AHIAZABlAG4ALAAgAHUAbQAgAGkAaAByAGUAIABPAHAAZgBlAHIAIABkAGEAegB1ACAAegB1ACAAYgByAGkAbgBnAGUAbgAsACAAYQB1AGYAIABpAGgAcgBlACAAZwBlAGYA5ABsAHMAYwBoAHQAZQBuACAATABpAG4AawBzACAAegB1ACAAawBsAGkAYwBrAGUAbgAgAG8AZABlAHIAIABpAGgAcgBlACAARABhAHQAZQBuACAAYQB1AGYAIABnAGUAZgDkAGwAcwBjAGgAdABlAG4AIABXAGUAYgAFSwAAAAEwAAAABAYKAAAAQQByAGkAYQBsAAUGCgAAAEEAcgBpAGEAbAAHBgoAAABBAHIAaQBhAGwACBEAAAAADAAAAHMAZQBpAHQAZQBuAAVXAAAAATAAAAAEBgoAAABBAHIAaQBhAGwABQYKAAAAQQByAGkAYQBsAAcGCgAAAEEAcgBpAGEAbAAIHQAAAAAYAAAAIABlAGkAbgB6AHUAZwBlAGIAZQBuAC4ABQoAAAABAAAAAAgAAAAABQoAAAAIBQAAAA0AAAAACgAAAAAAAAAAEQAAAAB+AAAAACQAAAABBhIAAAAkBBwBAAAlBAAAAAAmBOT+\/\/8JBgAAAAAbBgAAAAABSwAAACgBBykBByoBBysBBRMBAQgEFgAAABYEFgAAABkGCgAAAGQAZQAtAEEAVAAaBgoAAABhAHIALQBTAEEAGwYKAAAAZQBuAC0AVQBTAAIAAAAA\">Die Phishing-Attacken sind oft sehr gut gemacht und k\u00f6nnen t\u00e4uschend echt aussehen, wo<\/span>durch man leicht get\u00e4uscht werden kann.\u00a0<\/span><\/p>\n<p>[\/et_pb_text][\/et_pb_column][et_pb_column type=&#8221;1_2&#8243; _builder_version=&#8221;4.19.4&#8243; _module_preset=&#8221;default&#8221; global_colors_info=&#8221;{}&#8221;][et_pb_text _builder_version=&#8221;4.19.4&#8243; _module_preset=&#8221;default&#8221; text_font=&#8221;||||||||&#8221; custom_padding=&#8221;0px||||false|false&#8221; global_colors_info=&#8221;{}&#8221;]<\/p>\n<p><span>Cyberkriminelle verwenden dazu vertrauensw\u00fcrdige Logos, Marken und Namen von Unternehmen, Banken oder Beh\u00f6rden, um ihre Opfer dazu zu bringen, auf ihre gef\u00e4lschten Links zu klicken oder ihre Daten auf gef\u00e4lschten Webseiten einzugeben.<\/span><span class=\"docData;DOCY;v5;1917;BQiAAgAAEYQCAAAGiAIAAAPtBgAABfsGAAAAAAAAAAAAAAAAAAAAAAAAAAAAAAAAAAAAAAAAAAAAAAAAAAAAAAAAAAAAAAAAAAAAAAAAAAAAAAAAAAAAAAAAAAAAAAAAAAAAAAAAAAAAAAAAAAAAAAAAAAAAAAAAAAAAAAAAAAAAAAAAAAAAAAAAAAAAAAAAAAAAAAAAAAAAAAAAAAAAAAAAAAAAAAAAAAAAAAAAAAAAAAAAAAAAAAAAAAAAAAAAAAAAAAAAAAAAAAAAAAAAAAAAAAAAAAAAAAAAAAAAAAAAAAAAAAAAAAAAAAAAAAAAAAAAAAAAAAAAAAAAAAAAAAAAAAAAAAAAAAAAAAAAAAAAAAAAAAAAAAAAAAAAAAAAAAAAAAAAAAAAAAAAAAAAAAAAAAAAAAAAAAAAAAAAAAAAAAAAAAAAAAAAAAAAAAAAAAAAAAAAAAAAAAAAAAAAAAAAAAAAAAAAAAAAAAAAAAAAAAAAAAAAAAAAAAAAAAAAAAAAAAAAAAAAAAAAAAAAAAAAAAAAAAAAAAAAAAAAAAAAAAAAAAAAAAAAAAAAAAAAAAAAAAAAAAAAAAAAAAAAAAAAAAAAAAAAAAAAAAAAAAAAAAAAAAAAAAAAAAAAAAAAAAAAAAAAAAAAAAAAAAAAAAAAAAAAAAAAAAAAAAAAAAAAAAAAAAAAAAAAAAAAAAAAAAAAAAAAAAAAAAAAAAAAAAAAAAAAAAAAAAAAAAAAAAAAAAAAAAAAAAAAAAAAAAAAAAAAAAAAAAAAAAAAAAAAAAAAAAAAAAAAAAAAAAAAAAAAAAAAAAAAAAAAAAAAAAAAAAAAAAAAAAAAAAAAAAAAAAAAAAAAAAAAYQQAAABcBAAAAVQAAAABBgwAAAAkBAAAAAAmBAAAAAAJBgAAAAAaBjAAAAAEBgoAAABBAHIAaQBhAGwABQYKAAAAQQByAGkAYQBsAAcGCgAAAEEAcgBpAGEAbAAbBgAAAAAC\/gMAAAXrAAAAATAAAAAEBgoAAABBAHIAaQBhAGwABQYKAAAAQQByAGkAYQBsAAcGCgAAAEEAcgBpAGEAbAAIsQAAAACsAAAARABpAGUAIABQAGgAaQBzAGgAaQBuAGcALQBBAHQAdABhAGMAawBlAG4AIABzAGkAbgBkACAAbwBmAHQAIABzAGUAaAByACAAZwB1AHQAIABnAGUAbQBhAGMAaAB0ACAAdQBuAGQAIABrAPYAbgBuAGUAbgAgAHQA5AB1AHMAYwBoAGUAbgBkACAAZQBjAGgAdAAgAGEAdQBzAHMAZQBoAGUAbgAsACAAdwBvAAU\/AgAAATAAAAAEBgoAAABBAHIAaQBhAGwABQYKAAAAQQByAGkAYQBsAAcGCgAAAEEAcgBpAGEAbAAIBQIAAAAAAgAAZAB1AHIAYwBoACAAbQBhAG4AIABsAGUAaQBjAGgAdAAgAGcAZQB0AOQAdQBzAGMAaAB0ACAAdwBlAHIAZABlAG4AIABrAGEAbgBuAC4AIABDAHkAYgBlAHIAawByAGkAbQBpAG4AZQBsAGwAZQAgAHYAZQByAHcAZQBuAGQAZQBuACAAZABhAHoAdQAgAHYAZQByAHQAcgBhAHUAZQBuAHMAdwD8AHIAZABpAGcAZQAgAEwAbwBnAG8AcwAsACAATQBhAHIAawBlAG4AIAB1AG4AZAAgAE4AYQBtAGUAbgAgAHYAbwBuACAAVQBuAHQAZQByAG4AZQBoAG0AZQBuACwAIABCAGEAbgBrAGUAbgAgAG8AZABlAHIAIABCAGUAaAD2AHIAZABlAG4ALAAgAHUAbQAgAGkAaAByAGUAIABPAHAAZgBlAHIAIABkAGEAegB1ACAAegB1ACAAYgByAGkAbgBnAGUAbgAsACAAYQB1AGYAIABpAGgAcgBlACAAZwBlAGYA5ABsAHMAYwBoAHQAZQBuACAATABpAG4AawBzACAAegB1ACAAawBsAGkAYwBrAGUAbgAgAG8AZABlAHIAIABpAGgAcgBlACAARABhAHQAZQBuACAAYQB1AGYAIABnAGUAZgDkAGwAcwBjAGgAdABlAG4AIABXAGUAYgAFSwAAAAEwAAAABAYKAAAAQQByAGkAYQBsAAUGCgAAAEEAcgBpAGEAbAAHBgoAAABBAHIAaQBhAGwACBEAAAAADAAAAHMAZQBpAHQAZQBuAAVXAAAAATAAAAAEBgoAAABBAHIAaQBhAGwABQYKAAAAQQByAGkAYQBsAAcGCgAAAEEAcgBpAGEAbAAIHQAAAAAYAAAAIABlAGkAbgB6AHUAZwBlAGIAZQBuAC4ABQoAAAABAAAAAAgAAAAABQoAAAAIBQAAAA0AAAAACgAAAAAAAAAAEQAAAAB+AAAAACQAAAABBhIAAAAkBBwBAAAlBAAAAAAmBOT+\/\/8JBgAAAAAbBgAAAAABSwAAACgBBykBByoBBysBBRMBAQgEFgAAABYEFgAAABkGCgAAAGQAZQAtAEEAVAAaBgoAAABhAHIALQBTAEEAGwYKAAAAZQBuAC0AVQBTAAIAAAAA\"><span class=\"docData;DOCY;v5;1866;BQiAAgAAEYQCAAAGiAIAAAO6BgAABcgGAAAAAAAAAAAAAAAAAAAAAAAAAAAAAAAAAAAAAAAAAAAAAAAAAAAAAAAAAAAAAAAAAAAAAAAAAAAAAAAAAAAAAAAAAAAAAAAAAAAAAAAAAAAAAAAAAAAAAAAAAAAAAAAAAAAAAAAAAAAAAAAAAAAAAAAAAAAAAAAAAAAAAAAAAAAAAAAAAAAAAAAAAAAAAAAAAAAAAAAAAAAAAAAAAAAAAAAAAAAAAAAAAAAAAAAAAAAAAAAAAAAAAAAAAAAAAAAAAAAAAAAAAAAAAAAAAAAAAAAAAAAAAAAAAAAAAAAAAAAAAAAAAAAAAAAAAAAAAAAAAAAAAAAAAAAAAAAAAAAAAAAAAAAAAAAAAAAAAAAAAAAAAAAAAAAAAAAAAAAAAAAAAAAAAAAAAAAAAAAAAAAAAAAAAAAAAAAAAAAAAAAAAAAAAAAAAAAAAAAAAAAAAAAAAAAAAAAAAAAAAAAAAAAAAAAAAAAAAAAAAAAAAAAAAAAAAAAAAAAAAAAAAAAAAAAAAAAAAAAAAAAAAAAAAAAAAAAAAAAAAAAAAAAAAAAAAAAAAAAAAAAAAAAAAAAAAAAAAAAAAAAAAAAAAAAAAAAAAAAAAAAAAAAAAAAAAAAAAAAAAAAAAAAAAAAAAAAAAAAAAAAAAAAAAAAAAAAAAAAAAAAAAAAAAAAAAAAAAAAAAAAAAAAAAAAAAAAAAAAAAAAAAAAAAAAAAAAAAAAAAAAAAAAAAAAAAAAAAAAAAAAAAAAAAAAAAAAAAAAAAAAAAAAAAAAAAAAAAAAAAAAAAAAAAAAAAAAAAAAAAAAAAAAAAAAAAAAAAAAAAAAAAAAAAAAALgQAAAApBAAAAVQAAAABBgwAAAAkBAAAAAAmBAAAAAAJBgAAAAAaBjAAAAAEBgoAAABBAHIAaQBhAGwABQYKAAAAQQByAGkAYQBsAAcGCgAAAEEAcgBpAGEAbAAbBgAAAAACywMAAAVVAQAAATAAAAAEBgoAAABBAHIAaQBhAGwABQYKAAAAQQByAGkAYQBsAAcGCgAAAEEAcgBpAGEAbAAIGwEAAAAWAQAAVQBtACAAcwBpAGMAaAAgAHYAbwByACAAUABoAGkAcwBoAGkAbgBnACAAegB1ACAAcwBjAGgA\/AB0AHoAZQBuACwAIABzAG8AbABsAHQAZQBuACAAaQBoAHIAIABtAGkAcwBzAHQAcgBhAHUAaQBzAGMAaAAgAHMAZQBpAG4ALAAgAHcAZQBuAG4AIABpAGgAcgAgAGUAaQBuAGUAIABNAGEAaQBsACAAdgBvAG4AIABlAGkAbgBlAG0AIAB1AG4AYgBlAGsAYQBuAG4AdABlAG4AIABBAGIAcwBlAG4AZABlAHIAIABlAHIAaABhAGwAdABlAHQAIABvAGQAZQByACAAYQB1AGYAZwBlAGYAbwByAGQAZQAFPwIAAAEwAAAABAYKAAAAQQByAGkAYQBsAAUGCgAAAEEAcgBpAGEAbAAHBgoAAABBAHIAaQBhAGwACAUCAAAAAAIAAHIAdAAgAHcAZQByAGQAZQB0ACwAIABwAGUAcgBzAPYAbgBsAGkAYwBoAGUAIABJAG4AZgBvAHIAbQBhAHQAaQBvAG4AZQBuACAAcAByAGUAaQBzAHoAdQBnAGUAYgBlAG4ALgAgAEQAaQBlACAAaADkAHUAZgBpAGcAcwB0AGUAbgAgAE0AZQByAGsAbQBhAGwAZQAgAHMAaQBuAGQAOgAgAEcAZQBmAOQAbABzAGMAaAB0AGUAIABBAGIAcwBlAG4AZABlAHIAYQBkAHIAZQBzAHMAZQAsACAAdQBuAHAAZQByAHMA9gBuAGwAaQBjAGgAZQAgAEEAbgByAGUAZABlACwAIAB1AG4AZwBlAHcA9gBoAG4AbABpAGMAaABlAHIAIABTAHAAcgBhAGMAaABzAHQAaQBsACAAbQBpAHQAIABlAGkAbgBlAHIAIABkAHIAaQBuAGcAbABpAGMAaABlAG4AIABBAHUAZgBmAG8AcgBkAGUAcgB1AG4AZwAgAHoAdQAgAGUAaQBuAGUAcgAgAEgAYQBuAGQAbAB1AG4AZwAgAHMAbwB3AGkAZQAgAEwAaQBuAGsAcwAgAG8AZABlAHIAIABBAG4AaADkAG4AZwBlACwAIABkAGkAZQAgAG0AYQBuACAA9gBmAGYAbgBlAG4AIABzAG8AbABsAC4ABQoAAAABAAAAAAgAAAAABQoAAAABAAAAAAgAAAAABQoAAAAIBQAAAA0AAAAACgAAAAAAAAAAEQAAAAB+AAAAACQAAAABBhIAAAAkBBwBAAAlBAAAAAAmBOT+\/\/8JBgAAAAAbBgAAAAABSwAAACgBBykBByoBBysBBRMBAQgEFgAAABYEFgAAABkGCgAAAGQAZQAtAEEAVAAaBgoAAABhAHIALQBTAEEAGwYKAAAAZQBuAC0AVQBTAAIAAAAA\"><\/span><\/span><\/p>\n<p><span class=\"docData;DOCY;v5;1917;BQiAAgAAEYQCAAAGiAIAAAPtBgAABfsGAAAAAAAAAAAAAAAAAAAAAAAAAAAAAAAAAAAAAAAAAAAAAAAAAAAAAAAAAAAAAAAAAAAAAAAAAAAAAAAAAAAAAAAAAAAAAAAAAAAAAAAAAAAAAAAAAAAAAAAAAAAAAAAAAAAAAAAAAAAAAAAAAAAAAAAAAAAAAAAAAAAAAAAAAAAAAAAAAAAAAAAAAAAAAAAAAAAAAAAAAAAAAAAAAAAAAAAAAAAAAAAAAAAAAAAAAAAAAAAAAAAAAAAAAAAAAAAAAAAAAAAAAAAAAAAAAAAAAAAAAAAAAAAAAAAAAAAAAAAAAAAAAAAAAAAAAAAAAAAAAAAAAAAAAAAAAAAAAAAAAAAAAAAAAAAAAAAAAAAAAAAAAAAAAAAAAAAAAAAAAAAAAAAAAAAAAAAAAAAAAAAAAAAAAAAAAAAAAAAAAAAAAAAAAAAAAAAAAAAAAAAAAAAAAAAAAAAAAAAAAAAAAAAAAAAAAAAAAAAAAAAAAAAAAAAAAAAAAAAAAAAAAAAAAAAAAAAAAAAAAAAAAAAAAAAAAAAAAAAAAAAAAAAAAAAAAAAAAAAAAAAAAAAAAAAAAAAAAAAAAAAAAAAAAAAAAAAAAAAAAAAAAAAAAAAAAAAAAAAAAAAAAAAAAAAAAAAAAAAAAAAAAAAAAAAAAAAAAAAAAAAAAAAAAAAAAAAAAAAAAAAAAAAAAAAAAAAAAAAAAAAAAAAAAAAAAAAAAAAAAAAAAAAAAAAAAAAAAAAAAAAAAAAAAAAAAAAAAAAAAAAAAAAAAAAAAAAAAAAAAAAAAAAAAAAAAAAAAAAAAAAAAAAAAAAAAAAAAAAAAAAAAAAAAAAAYQQAAABcBAAAAVQAAAABBgwAAAAkBAAAAAAmBAAAAAAJBgAAAAAaBjAAAAAEBgoAAABBAHIAaQBhAGwABQYKAAAAQQByAGkAYQBsAAcGCgAAAEEAcgBpAGEAbAAbBgAAAAAC\/gMAAAXrAAAAATAAAAAEBgoAAABBAHIAaQBhAGwABQYKAAAAQQByAGkAYQBsAAcGCgAAAEEAcgBpAGEAbAAIsQAAAACsAAAARABpAGUAIABQAGgAaQBzAGgAaQBuAGcALQBBAHQAdABhAGMAawBlAG4AIABzAGkAbgBkACAAbwBmAHQAIABzAGUAaAByACAAZwB1AHQAIABnAGUAbQBhAGMAaAB0ACAAdQBuAGQAIABrAPYAbgBuAGUAbgAgAHQA5AB1AHMAYwBoAGUAbgBkACAAZQBjAGgAdAAgAGEAdQBzAHMAZQBoAGUAbgAsACAAdwBvAAU\/AgAAATAAAAAEBgoAAABBAHIAaQBhAGwABQYKAAAAQQByAGkAYQBsAAcGCgAAAEEAcgBpAGEAbAAIBQIAAAAAAgAAZAB1AHIAYwBoACAAbQBhAG4AIABsAGUAaQBjAGgAdAAgAGcAZQB0AOQAdQBzAGMAaAB0ACAAdwBlAHIAZABlAG4AIABrAGEAbgBuAC4AIABDAHkAYgBlAHIAawByAGkAbQBpAG4AZQBsAGwAZQAgAHYAZQByAHcAZQBuAGQAZQBuACAAZABhAHoAdQAgAHYAZQByAHQAcgBhAHUAZQBuAHMAdwD8AHIAZABpAGcAZQAgAEwAbwBnAG8AcwAsACAATQBhAHIAawBlAG4AIAB1AG4AZAAgAE4AYQBtAGUAbgAgAHYAbwBuACAAVQBuAHQAZQByAG4AZQBoAG0AZQBuACwAIABCAGEAbgBrAGUAbgAgAG8AZABlAHIAIABCAGUAaAD2AHIAZABlAG4ALAAgAHUAbQAgAGkAaAByAGUAIABPAHAAZgBlAHIAIABkAGEAegB1ACAAegB1ACAAYgByAGkAbgBnAGUAbgAsACAAYQB1AGYAIABpAGgAcgBlACAAZwBlAGYA5ABsAHMAYwBoAHQAZQBuACAATABpAG4AawBzACAAegB1ACAAawBsAGkAYwBrAGUAbgAgAG8AZABlAHIAIABpAGgAcgBlACAARABhAHQAZQBuACAAYQB1AGYAIABnAGUAZgDkAGwAcwBjAGgAdABlAG4AIABXAGUAYgAFSwAAAAEwAAAABAYKAAAAQQByAGkAYQBsAAUGCgAAAEEAcgBpAGEAbAAHBgoAAABBAHIAaQBhAGwACBEAAAAADAAAAHMAZQBpAHQAZQBuAAVXAAAAATAAAAAEBgoAAABBAHIAaQBhAGwABQYKAAAAQQByAGkAYQBsAAcGCgAAAEEAcgBpAGEAbAAIHQAAAAAYAAAAIABlAGkAbgB6AHUAZwBlAGIAZQBuAC4ABQoAAAABAAAAAAgAAAAABQoAAAAIBQAAAA0AAAAACgAAAAAAAAAAEQAAAAB+AAAAACQAAAABBhIAAAAkBBwBAAAlBAAAAAAmBOT+\/\/8JBgAAAAAbBgAAAAABSwAAACgBBykBByoBBysBBRMBAQgEFgAAABYEFgAAABkGCgAAAGQAZQAtAEEAVAAaBgoAAABhAHIALQBTAEEAGwYKAAAAZQBuAC0AVQBTAAIAAAAA\"><span class=\"docData;DOCY;v5;1866;BQiAAgAAEYQCAAAGiAIAAAO6BgAABcgGAAAAAAAAAAAAAAAAAAAAAAAAAAAAAAAAAAAAAAAAAAAAAAAAAAAAAAAAAAAAAAAAAAAAAAAAAAAAAAAAAAAAAAAAAAAAAAAAAAAAAAAAAAAAAAAAAAAAAAAAAAAAAAAAAAAAAAAAAAAAAAAAAAAAAAAAAAAAAAAAAAAAAAAAAAAAAAAAAAAAAAAAAAAAAAAAAAAAAAAAAAAAAAAAAAAAAAAAAAAAAAAAAAAAAAAAAAAAAAAAAAAAAAAAAAAAAAAAAAAAAAAAAAAAAAAAAAAAAAAAAAAAAAAAAAAAAAAAAAAAAAAAAAAAAAAAAAAAAAAAAAAAAAAAAAAAAAAAAAAAAAAAAAAAAAAAAAAAAAAAAAAAAAAAAAAAAAAAAAAAAAAAAAAAAAAAAAAAAAAAAAAAAAAAAAAAAAAAAAAAAAAAAAAAAAAAAAAAAAAAAAAAAAAAAAAAAAAAAAAAAAAAAAAAAAAAAAAAAAAAAAAAAAAAAAAAAAAAAAAAAAAAAAAAAAAAAAAAAAAAAAAAAAAAAAAAAAAAAAAAAAAAAAAAAAAAAAAAAAAAAAAAAAAAAAAAAAAAAAAAAAAAAAAAAAAAAAAAAAAAAAAAAAAAAAAAAAAAAAAAAAAAAAAAAAAAAAAAAAAAAAAAAAAAAAAAAAAAAAAAAAAAAAAAAAAAAAAAAAAAAAAAAAAAAAAAAAAAAAAAAAAAAAAAAAAAAAAAAAAAAAAAAAAAAAAAAAAAAAAAAAAAAAAAAAAAAAAAAAAAAAAAAAAAAAAAAAAAAAAAAAAAAAAAAAAAAAAAAAAAAAAAAAAAAAAAAAAAAAAAAAAAAAAAAAAALgQAAAApBAAAAVQAAAABBgwAAAAkBAAAAAAmBAAAAAAJBgAAAAAaBjAAAAAEBgoAAABBAHIAaQBhAGwABQYKAAAAQQByAGkAYQBsAAcGCgAAAEEAcgBpAGEAbAAbBgAAAAACywMAAAVVAQAAATAAAAAEBgoAAABBAHIAaQBhAGwABQYKAAAAQQByAGkAYQBsAAcGCgAAAEEAcgBpAGEAbAAIGwEAAAAWAQAAVQBtACAAcwBpAGMAaAAgAHYAbwByACAAUABoAGkAcwBoAGkAbgBnACAAegB1ACAAcwBjAGgA\/AB0AHoAZQBuACwAIABzAG8AbABsAHQAZQBuACAAaQBoAHIAIABtAGkAcwBzAHQAcgBhAHUAaQBzAGMAaAAgAHMAZQBpAG4ALAAgAHcAZQBuAG4AIABpAGgAcgAgAGUAaQBuAGUAIABNAGEAaQBsACAAdgBvAG4AIABlAGkAbgBlAG0AIAB1AG4AYgBlAGsAYQBuAG4AdABlAG4AIABBAGIAcwBlAG4AZABlAHIAIABlAHIAaABhAGwAdABlAHQAIABvAGQAZQByACAAYQB1AGYAZwBlAGYAbwByAGQAZQAFPwIAAAEwAAAABAYKAAAAQQByAGkAYQBsAAUGCgAAAEEAcgBpAGEAbAAHBgoAAABBAHIAaQBhAGwACAUCAAAAAAIAAHIAdAAgAHcAZQByAGQAZQB0ACwAIABwAGUAcgBzAPYAbgBsAGkAYwBoAGUAIABJAG4AZgBvAHIAbQBhAHQAaQBvAG4AZQBuACAAcAByAGUAaQBzAHoAdQBnAGUAYgBlAG4ALgAgAEQAaQBlACAAaADkAHUAZgBpAGcAcwB0AGUAbgAgAE0AZQByAGsAbQBhAGwAZQAgAHMAaQBuAGQAOgAgAEcAZQBmAOQAbABzAGMAaAB0AGUAIABBAGIAcwBlAG4AZABlAHIAYQBkAHIAZQBzAHMAZQAsACAAdQBuAHAAZQByAHMA9gBuAGwAaQBjAGgAZQAgAEEAbgByAGUAZABlACwAIAB1AG4AZwBlAHcA9gBoAG4AbABpAGMAaABlAHIAIABTAHAAcgBhAGMAaABzAHQAaQBsACAAbQBpAHQAIABlAGkAbgBlAHIAIABkAHIAaQBuAGcAbABpAGMAaABlAG4AIABBAHUAZgBmAG8AcgBkAGUAcgB1AG4AZwAgAHoAdQAgAGUAaQBuAGUAcgAgAEgAYQBuAGQAbAB1AG4AZwAgAHMAbwB3AGkAZQAgAEwAaQBuAGsAcwAgAG8AZABlAHIAIABBAG4AaADkAG4AZwBlACwAIABkAGkAZQAgAG0AYQBuACAA9gBmAGYAbgBlAG4AIABzAG8AbABsAC4ABQoAAAABAAAAAAgAAAAABQoAAAABAAAAAAgAAAAABQoAAAAIBQAAAA0AAAAACgAAAAAAAAAAEQAAAAB+AAAAACQAAAABBhIAAAAkBBwBAAAlBAAAAAAmBOT+\/\/8JBgAAAAAbBgAAAAABSwAAACgBBykBByoBBysBBRMBAQgEFgAAABYEFgAAABkGCgAAAGQAZQAtAEEAVAAaBgoAAABhAHIALQBTAEEAGwYKAAAAZQBuAC0AVQBTAAIAAAAA\">Um sich vor Phishing zu sch\u00fctzen, sollten ihr misstrauisch sein, wenn ihr eine Mail von einem unbekannten Absender erhaltet oder aufgeforde<\/span><span>rt werdet, pers\u00f6nliche Informationen preiszugeben. Die h\u00e4ufigsten Merkmale sind: Gef\u00e4lschte Absenderadresse, unpers\u00f6nliche Anrede, ungew\u00f6hnlicher Sprachstil mit einer dringlichen Aufforderung zu einer Handlung sowie Links oder Anh\u00e4nge, die man \u00f6ffnen soll.<\/span><\/span><\/p>\n<p><a name=\"_GoBack\"><\/a><span>Und teilt niemals sensible Daten mit Personen, die ihr nicht pers\u00f6nlich kennt!<\/span><\/p>\n<p>[\/et_pb_text][\/et_pb_column][\/et_pb_row][et_pb_row _builder_version=&#8221;4.19.4&#8243; _module_preset=&#8221;default&#8221; global_colors_info=&#8221;{}&#8221;][et_pb_column type=&#8221;4_4&#8243; _builder_version=&#8221;4.19.4&#8243; _module_preset=&#8221;default&#8221; global_colors_info=&#8221;{}&#8221;][et_pb_text _builder_version=&#8221;4.19.4&#8243; _module_preset=&#8221;default&#8221; background_color=&#8221;#FFFFFF&#8221; custom_padding=&#8221;20px|20px|20px|20px|false|false&#8221; border_radii=&#8221;on|20px|20px|20px|20px&#8221; box_shadow_style=&#8221;preset1&#8243; global_colors_info=&#8221;{}&#8221;]<\/p>\n<h4 style=\"font-weight: 400;\"><strong>Auf diese Merkmale solltet ihr achten, um einen m\u00f6glichen Phishing-Versuch zu erkennen:<\/strong><\/h4>\n<ul>\n<li style=\"font-weight: 400;\"><span><strong>Absenderadresse<\/strong>: Oftmals verwenden Phishing-Mails gef\u00e4lschte Absenderadresse, die so aussieht, als k\u00e4me sie von vertrauensw\u00fcrdigen Unternehmen, Banken oder Beh\u00f6rden oder auch bekannten Personen.<\/span><span><\/span><\/li>\n<li style=\"font-weight: 400;\"><span><strong>Unpers\u00f6nliche Anrede<\/strong>: Phishing-E-Mails werden oft unpers\u00f6nlich verfasst, ohne den Namen des Empf\u00e4ngers zu nennen. Stattdessen werden allgemeine Anreden wie &#8220;Sehr geehrter Kunde&#8221; verwendet.<\/span><span><\/span><\/li>\n<li style=\"font-weight: 400;\"><span><strong>Rechtschreib- und Grammatikfehler<\/strong>: Phishing-E-Mails k\u00f6nnen Rechtschreib- und Grammatikfehler enthalten, die auf eine schlechte \u00dcbersetzung oder eine mangelnde Sorgfalt der Cyberkriminellen hinweisen.<\/span><\/li>\n<li style=\"font-weight: 400;\"><span><strong>Dringlichkeit<\/strong>: Oftmals wird in Phishing-Mails versucht, ein Gef\u00fchl der Dringlichkeit zu erzeugen, um den Empf\u00e4nger dazu zu bringen, schnell zu handeln und auf den Link zu klicken. Zum Beispiel, dass das Konto des Empf\u00e4ngers gesperrt wird, wenn er nicht innerhalb einer bestimmten Frist handelt.<\/span><\/li>\n<li style=\"font-weight: 400;\"><span><strong>Vertrauliche Informationen<\/strong>: Es wird auch oft in Phishing-Mails oder Websites um die Eingabe von vertraulichen Informationen wie Passw\u00f6rter, Kontoinformationen oder Sozialversicherungsnummern ersucht.<\/span><\/li>\n<li style=\"font-weight: 400;\"><span><strong>Ungew\u00f6hnliche Links<\/strong>: Phishing-Links k\u00f6nnen in Mails enthalten sein und auf ungew\u00f6hnliche Websites verweisen, die nicht mit offiziellen Websites von Unternehmen, Banken oder Beh\u00f6rden \u00fcbereinstimmen.<\/span><span>\u00a0<\/span><\/li>\n<li style=\"font-weight: 400;\"><span><strong>Ungew\u00f6hnliche Anh\u00e4nge<\/strong>: Mails k\u00f6nnen auch Phishing-Anh\u00e4nge enthalten, in denen sch\u00e4dliche Software, b\u00f6sartige Skripten oder Links, die auf eine gef\u00e4lschte Website umleiten, verpackt sein k\u00f6nnen.<\/span><\/li>\n<\/ul>\n<p>[\/et_pb_text][\/et_pb_column][\/et_pb_row][\/et_pb_section][et_pb_section fb_built=&#8221;1&#8243; _builder_version=&#8221;4.19.4&#8243; _module_preset=&#8221;default&#8221; background_color=&#8221;#000000&#8243; custom_padding=&#8221;1px||1px|||&#8221; global_colors_info=&#8221;{}&#8221;][et_pb_row column_structure=&#8221;1_3,1_3,1_3&#8243; _builder_version=&#8221;4.19.4&#8243; _module_preset=&#8221;default&#8221; min_height=&#8221;206.7px&#8221; custom_margin=&#8221;|auto|-12px|auto||&#8221; custom_padding=&#8221;||0px|||&#8221; global_colors_info=&#8221;{}&#8221;][et_pb_column type=&#8221;1_3&#8243; _builder_version=&#8221;4.19.4&#8243; _module_preset=&#8221;default&#8221; global_colors_info=&#8221;{}&#8221;][et_pb_image src=&#8221;https:\/\/www.cybermop.info\/wp-content\/uploads\/2022\/12\/Cybermop_Footer_Illustration.jpg&#8221; title_text=&#8221;Cybermop_Footer_Illustration&#8221; _builder_version=&#8221;4.19.4&#8243; _module_preset=&#8221;default&#8221; background_color=&#8221;#000000&#8243; global_colors_info=&#8221;{}&#8221;][\/et_pb_image][\/et_pb_column][et_pb_column type=&#8221;1_3&#8243; _builder_version=&#8221;4.19.4&#8243; _module_preset=&#8221;default&#8221; global_colors_info=&#8221;{}&#8221;][\/et_pb_column][et_pb_column type=&#8221;1_3&#8243; _builder_version=&#8221;4.19.4&#8243; _module_preset=&#8221;default&#8221; global_colors_info=&#8221;{}&#8221;][et_pb_text _builder_version=&#8221;4.19.4&#8243; _module_preset=&#8221;default&#8221; global_colors_info=&#8221;{}&#8221;]<\/p>\n<p>&nbsp;<\/p>\n<p>[\/et_pb_text][et_pb_text _builder_version=&#8221;4.19.4&#8243; _module_preset=&#8221;default&#8221; text_orientation=&#8221;right&#8221; background_layout=&#8221;dark&#8221; custom_padding=&#8221;9px|||||&#8221; global_colors_info=&#8221;{}&#8221;]<\/p>\n<h4><a href=\"https:\/\/www.cybermop.info\/index.php\/impressum\" title=\"Impressum\">Impressum<\/a> | <a href=\"https:\/\/www.cybermop.info\/index.php\/datenschutz\" title=\"Datenschutz\">Datenschutz<\/a><\/h4>\n<p>[\/et_pb_text][et_pb_image src=&#8221;https:\/\/www.cybermop.info\/wp-content\/uploads\/2023\/01\/Logos_Gesamt.png&#8221; title_text=&#8221;Logos_Gesamt&#8221; _builder_version=&#8221;4.19.4&#8243; _module_preset=&#8221;default&#8221; custom_margin=&#8221;45px|||||&#8221; custom_padding=&#8221;||0px|||&#8221; global_colors_info=&#8221;{}&#8221;][\/et_pb_image][\/et_pb_column][\/et_pb_row][\/et_pb_section]<\/p>\n","protected":false},"excerpt":{"rendered":"<p>Wenn Cyberkriminelle per E-Mail auf Angeltour gehen &#8230; Phishing-Mails werden immer raffinierter und lassen sich nicht mehr auf den ersten Blick als solche erkennen. Sie z\u00e4hlen jedoch nach wie vor zu den beliebtesten Angriffswerkzeugen und k\u00f6nnen f\u00fcr euch zu einer ernsthaften Gefahr werden! Das Ziel von Phishing ist es, euch dazu zu bringen, vertrauliche Informationen [&hellip;]<\/p>\n","protected":false},"author":1,"featured_media":0,"parent":0,"menu_order":0,"comment_status":"closed","ping_status":"closed","template":"","meta":{"_et_pb_use_builder":"on","_et_pb_old_content":"","_et_gb_content_width":""},"_links":{"self":[{"href":"https:\/\/www.cybermop.info\/index.php\/wp-json\/wp\/v2\/pages\/235"}],"collection":[{"href":"https:\/\/www.cybermop.info\/index.php\/wp-json\/wp\/v2\/pages"}],"about":[{"href":"https:\/\/www.cybermop.info\/index.php\/wp-json\/wp\/v2\/types\/page"}],"author":[{"embeddable":true,"href":"https:\/\/www.cybermop.info\/index.php\/wp-json\/wp\/v2\/users\/1"}],"replies":[{"embeddable":true,"href":"https:\/\/www.cybermop.info\/index.php\/wp-json\/wp\/v2\/comments?post=235"}],"version-history":[{"count":17,"href":"https:\/\/www.cybermop.info\/index.php\/wp-json\/wp\/v2\/pages\/235\/revisions"}],"predecessor-version":[{"id":327,"href":"https:\/\/www.cybermop.info\/index.php\/wp-json\/wp\/v2\/pages\/235\/revisions\/327"}],"wp:attachment":[{"href":"https:\/\/www.cybermop.info\/index.php\/wp-json\/wp\/v2\/media?parent=235"}],"curies":[{"name":"wp","href":"https:\/\/api.w.org\/{rel}","templated":true}]}}